{"id":42,"date":"2025-07-09T07:09:32","date_gmt":"2025-07-09T07:09:32","guid":{"rendered":"https:\/\/neissbau.hu\/?page_id=42"},"modified":"2025-07-24T06:01:21","modified_gmt":"2025-07-24T06:01:21","slug":"cegeknek","status":"publish","type":"page","link":"https:\/\/neissbau.hu\/de\/cegeknek\/","title":{"rendered":"F\u00fcr Unternehmen"},"content":{"rendered":"<p>Unser Unternehmen bietet Erdarbeiten und Elektroinstallationen nicht nur f\u00fcr private Auftraggeber an, sondern ist auch als Subunternehmen aktiv an der Umsetzung komplexer Bauprojekte mit mehreren Fachbereichen in der Region Westtransdanubien beteiligt.<\/p>\n<h3>Als Subunternehmer unterst\u00fctzen wir gerne bei Generalbauleistungen, Renovierungen und Abbrucharbeiten \u2013 sowohl bei privaten, \u00f6ffentlichen als auch industriellen Vorhaben.<\/h3>\n<p>Im Bereich Erdarbeiten \u00fcbernehmen wir die Gel\u00e4ndeprofilierung, Fundamentaushub, Grabungsarbeiten f\u00fcr Leitungsgr\u00e4ben und Trassenbau bei Wohnimmobilien (Wohnungen, Einfamilienh\u00e4user), \u00f6ffentlichen Geb\u00e4uden, Institutionen sowie Industrieanlagen. Auch bei Abbrucharbeiten f\u00fchren wir s\u00e4mtliche zugeh\u00f6rigen Erdarbeiten und Gel\u00e4ndeangleichungen zuverl\u00e4ssig durch. Dabei setzen wir auf einen modernen Maschinenpark und ein engagiertes, erfahrenes Team.<\/p>\n<p>Unsere Elektroinstallationen umfassen neben privaten Auftr\u00e4gen auch die komplette elektrische Ausstattung von Industrieanlagen, die Modernisierung bestehender Systeme, die fachgerechte Stromversorgung industrieller Maschinen sowie den Anschluss und die Integration von Photovoltaikanlagen in bestehende Stromnetze.<\/p>","protected":false},"excerpt":{"rendered":"<p>Unser Unternehmen bietet Erdarbeiten und Elektroinstallationen nicht nur f\u00fcr private Auftraggeber an, sondern ist auch als Subunternehmen aktiv an der&#8230;<\/p>\n","protected":false},"author":1,"featured_media":57,"parent":0,"menu_order":0,"comment_status":"closed","ping_status":"closed","template":"","meta":{"_acf_changed":false,"inline_featured_image":false,"footnotes":""},"class_list":["post-42","page","type-page","status-publish","has-post-thumbnail","hentry"],"acf":[],"yoast_head":"<!-- This site is optimized with the Yoast SEO plugin v25.5 - https:\/\/yoast.com\/wordpress\/plugins\/seo\/ -->\n<title>F\u00fcr Unternehmen - Neiss-Bau Bt.<\/title>\n<meta name=\"robots\" content=\"index, follow, max-snippet:-1, max-image-preview:large, max-video-preview:-1\" \/>\n<link rel=\"canonical\" href=\"https:\/\/neissbau.hu\/cegeknek\/\" \/>\n<meta property=\"og:locale\" content=\"de_DE\" \/>\n<meta property=\"og:type\" content=\"article\" \/>\n<meta property=\"og:title\" content=\"[:hu]C\u00e9geknek[:de]F\u00fcr Unternehmen[:] - Neiss-Bau Bt.\" \/>\n<meta property=\"og:description\" content=\"Unser Unternehmen bietet Erdarbeiten und Elektroinstallationen nicht nur f\u00fcr private Auftraggeber an, sondern ist auch als Subunternehmen aktiv an der...\" \/>\n<meta property=\"og:url\" content=\"https:\/\/neissbau.hu\/cegeknek\/\" \/>\n<meta property=\"og:site_name\" content=\"Neiss-Bau Bt.\" \/>\n<meta property=\"article:publisher\" content=\"https:\/\/www.facebook.com\/NEISSBAU\" \/>\n<meta property=\"article:modified_time\" content=\"2025-07-24T06:01:21+00:00\" \/>\n<meta property=\"og:image\" content=\"https:\/\/neissbau.hu\/wp-content\/uploads\/2025\/07\/neissbau_1920x200_a.jpg\" \/>\n\t<meta property=\"og:image:width\" content=\"1920\" \/>\n\t<meta property=\"og:image:height\" content=\"200\" \/>\n\t<meta property=\"og:image:type\" content=\"image\/jpeg\" \/>\n<meta name=\"twitter:card\" content=\"summary_large_image\" \/>\n<meta name=\"twitter:label1\" content=\"Gesch\u00e4tzte Lesezeit\" \/>\n\t<meta name=\"twitter:data1\" content=\"1\u00a0Minute\" \/>\n<script type=\"application\/ld+json\" class=\"yoast-schema-graph\">{\"@context\":\"https:\/\/schema.org\",\"@graph\":[{\"@type\":\"WebPage\",\"@id\":\"https:\/\/neissbau.hu\/cegeknek\/\",\"url\":\"https:\/\/neissbau.hu\/cegeknek\/\",\"name\":\"[:hu]C\u00e9geknek[:de]F\u00fcr Unternehmen[:] - Neiss-Bau Bt.\",\"isPartOf\":{\"@id\":\"https:\/\/neissbau.hu\/#website\"},\"primaryImageOfPage\":{\"@id\":\"https:\/\/neissbau.hu\/cegeknek\/#primaryimage\"},\"image\":{\"@id\":\"https:\/\/neissbau.hu\/cegeknek\/#primaryimage\"},\"thumbnailUrl\":\"https:\/\/neissbau.hu\/wp-content\/uploads\/2025\/07\/neissbau_1920x200_a.jpg\",\"datePublished\":\"2025-07-09T07:09:32+00:00\",\"dateModified\":\"2025-07-24T06:01:21+00:00\",\"breadcrumb\":{\"@id\":\"https:\/\/neissbau.hu\/cegeknek\/#breadcrumb\"},\"inLanguage\":\"de\",\"potentialAction\":[{\"@type\":\"ReadAction\",\"target\":[\"https:\/\/neissbau.hu\/cegeknek\/\"]}]},{\"@type\":\"ImageObject\",\"inLanguage\":\"de\",\"@id\":\"https:\/\/neissbau.hu\/cegeknek\/#primaryimage\",\"url\":\"https:\/\/neissbau.hu\/wp-content\/uploads\/2025\/07\/neissbau_1920x200_a.jpg\",\"contentUrl\":\"https:\/\/neissbau.hu\/wp-content\/uploads\/2025\/07\/neissbau_1920x200_a.jpg\",\"width\":1920,\"height\":200},{\"@type\":\"BreadcrumbList\",\"@id\":\"https:\/\/neissbau.hu\/cegeknek\/#breadcrumb\",\"itemListElement\":[{\"@type\":\"ListItem\",\"position\":1,\"name\":\"Kezd\u0151lap\",\"item\":\"https:\/\/neissbau.hu\/\"},{\"@type\":\"ListItem\",\"position\":2,\"name\":\"C\u00e9geknek\"}]},{\"@type\":\"WebSite\",\"@id\":\"https:\/\/neissbau.hu\/#website\",\"url\":\"https:\/\/neissbau.hu\/\",\"name\":\"NeissBau Bt.\",\"description\":\"\",\"publisher\":{\"@id\":\"https:\/\/neissbau.hu\/#organization\"},\"potentialAction\":[{\"@type\":\"SearchAction\",\"target\":{\"@type\":\"EntryPoint\",\"urlTemplate\":\"https:\/\/neissbau.hu\/?s={search_term_string}\"},\"query-input\":{\"@type\":\"PropertyValueSpecification\",\"valueRequired\":true,\"valueName\":\"search_term_string\"}}],\"inLanguage\":\"de\"},{\"@type\":\"Organization\",\"@id\":\"https:\/\/neissbau.hu\/#organization\",\"name\":\"NeissBau Bt.\",\"url\":\"https:\/\/neissbau.hu\/\",\"logo\":{\"@type\":\"ImageObject\",\"inLanguage\":\"de\",\"@id\":\"https:\/\/neissbau.hu\/#\/schema\/logo\/image\/\",\"url\":\"https:\/\/neissbau.hu\/wp-content\/uploads\/2025\/09\/neissbau_new-logo.svg\",\"contentUrl\":\"https:\/\/neissbau.hu\/wp-content\/uploads\/2025\/09\/neissbau_new-logo.svg\",\"width\":128,\"height\":100,\"caption\":\"NeissBau Bt.\"},\"image\":{\"@id\":\"https:\/\/neissbau.hu\/#\/schema\/logo\/image\/\"},\"sameAs\":[\"https:\/\/www.facebook.com\/NEISSBAU\"]}]}<\/script>\n<!-- \/ Yoast SEO plugin. -->","yoast_head_json":{"title":"[:hu]C\u00e9geknek[:de]F\u00fcr Unternehmen[:] - Neiss-Bau Bt.","robots":{"index":"index","follow":"follow","max-snippet":"max-snippet:-1","max-image-preview":"max-image-preview:large","max-video-preview":"max-video-preview:-1"},"canonical":"https:\/\/neissbau.hu\/cegeknek\/","og_locale":"de_DE","og_type":"article","og_title":"[:hu]C\u00e9geknek[:de]F\u00fcr Unternehmen[:] - Neiss-Bau Bt.","og_description":"Unser Unternehmen bietet Erdarbeiten und Elektroinstallationen nicht nur f\u00fcr private Auftraggeber an, sondern ist auch als Subunternehmen aktiv an der...","og_url":"https:\/\/neissbau.hu\/cegeknek\/","og_site_name":"Neiss-Bau Bt.","article_publisher":"https:\/\/www.facebook.com\/NEISSBAU","article_modified_time":"2025-07-24T06:01:21+00:00","og_image":[{"width":1920,"height":200,"url":"https:\/\/neissbau.hu\/wp-content\/uploads\/2025\/07\/neissbau_1920x200_a.jpg","type":"image\/jpeg"}],"twitter_card":"summary_large_image","twitter_misc":{"Gesch\u00e4tzte Lesezeit":"1\u00a0Minute"},"schema":{"@context":"https:\/\/schema.org","@graph":[{"@type":"WebPage","@id":"https:\/\/neissbau.hu\/cegeknek\/","url":"https:\/\/neissbau.hu\/cegeknek\/","name":"[:hu]C\u00e9geknek[:de]F\u00fcr Unternehmen[:] - Neiss-Bau Bt.","isPartOf":{"@id":"https:\/\/neissbau.hu\/#website"},"primaryImageOfPage":{"@id":"https:\/\/neissbau.hu\/cegeknek\/#primaryimage"},"image":{"@id":"https:\/\/neissbau.hu\/cegeknek\/#primaryimage"},"thumbnailUrl":"https:\/\/neissbau.hu\/wp-content\/uploads\/2025\/07\/neissbau_1920x200_a.jpg","datePublished":"2025-07-09T07:09:32+00:00","dateModified":"2025-07-24T06:01:21+00:00","breadcrumb":{"@id":"https:\/\/neissbau.hu\/cegeknek\/#breadcrumb"},"inLanguage":"de","potentialAction":[{"@type":"ReadAction","target":["https:\/\/neissbau.hu\/cegeknek\/"]}]},{"@type":"ImageObject","inLanguage":"de","@id":"https:\/\/neissbau.hu\/cegeknek\/#primaryimage","url":"https:\/\/neissbau.hu\/wp-content\/uploads\/2025\/07\/neissbau_1920x200_a.jpg","contentUrl":"https:\/\/neissbau.hu\/wp-content\/uploads\/2025\/07\/neissbau_1920x200_a.jpg","width":1920,"height":200},{"@type":"BreadcrumbList","@id":"https:\/\/neissbau.hu\/cegeknek\/#breadcrumb","itemListElement":[{"@type":"ListItem","position":1,"name":"Kezd\u0151lap","item":"https:\/\/neissbau.hu\/"},{"@type":"ListItem","position":2,"name":"C\u00e9geknek"}]},{"@type":"WebSite","@id":"https:\/\/neissbau.hu\/#website","url":"https:\/\/neissbau.hu\/","name":"NeissBau Bt.","description":"","publisher":{"@id":"https:\/\/neissbau.hu\/#organization"},"potentialAction":[{"@type":"SearchAction","target":{"@type":"EntryPoint","urlTemplate":"https:\/\/neissbau.hu\/?s={search_term_string}"},"query-input":{"@type":"PropertyValueSpecification","valueRequired":true,"valueName":"search_term_string"}}],"inLanguage":"de"},{"@type":"Organization","@id":"https:\/\/neissbau.hu\/#organization","name":"NeissBau Bt.","url":"https:\/\/neissbau.hu\/","logo":{"@type":"ImageObject","inLanguage":"de","@id":"https:\/\/neissbau.hu\/#\/schema\/logo\/image\/","url":"https:\/\/neissbau.hu\/wp-content\/uploads\/2025\/09\/neissbau_new-logo.svg","contentUrl":"https:\/\/neissbau.hu\/wp-content\/uploads\/2025\/09\/neissbau_new-logo.svg","width":128,"height":100,"caption":"NeissBau Bt."},"image":{"@id":"https:\/\/neissbau.hu\/#\/schema\/logo\/image\/"},"sameAs":["https:\/\/www.facebook.com\/NEISSBAU"]}]}},"_links":{"self":[{"href":"https:\/\/neissbau.hu\/de\/wp-json\/wp\/v2\/pages\/42","targetHints":{"allow":["GET"]}}],"collection":[{"href":"https:\/\/neissbau.hu\/de\/wp-json\/wp\/v2\/pages"}],"about":[{"href":"https:\/\/neissbau.hu\/de\/wp-json\/wp\/v2\/types\/page"}],"author":[{"embeddable":true,"href":"https:\/\/neissbau.hu\/de\/wp-json\/wp\/v2\/users\/1"}],"replies":[{"embeddable":true,"href":"https:\/\/neissbau.hu\/de\/wp-json\/wp\/v2\/comments?post=42"}],"version-history":[{"count":3,"href":"https:\/\/neissbau.hu\/de\/wp-json\/wp\/v2\/pages\/42\/revisions"}],"predecessor-version":[{"id":291,"href":"https:\/\/neissbau.hu\/de\/wp-json\/wp\/v2\/pages\/42\/revisions\/291"}],"wp:featuredmedia":[{"embeddable":true,"href":"https:\/\/neissbau.hu\/de\/wp-json\/wp\/v2\/media\/57"}],"wp:attachment":[{"href":"https:\/\/neissbau.hu\/de\/wp-json\/wp\/v2\/media?parent=42"}],"curies":[{"name":"wp","href":"https:\/\/api.w.org\/{rel}","templated":true}]}}