{"id":38,"date":"2025-07-08T09:08:00","date_gmt":"2025-07-08T09:08:00","guid":{"rendered":"https:\/\/neissbau.hu\/?page_id=38"},"modified":"2025-07-29T14:01:09","modified_gmt":"2025-07-29T14:01:09","slug":"villanyszereles","status":"publish","type":"page","link":"https:\/\/neissbau.hu\/de\/villanyszereles\/","title":{"rendered":"Elektroinstallationen"},"content":{"rendered":"<p><\/p>\n<h3>F\u00fcr Privatkunden bieten wir Elektroinstallationen, die auf Zuverl\u00e4ssigkeit, moderne Technik und maximale Sicherheit ausgerichtet sind.<\/h3>\n<p>Ob es um die Installation eines Stromnetzes in einem Neubau, die Sanierung bestehender Anlagen oder die Behebung von St\u00f6rungen oder Fehlern geht, unser Team arbeitet pr\u00e4zise und termingerecht.<\/p>\n<p>Mit moderner Ausstattung, aktuellem Fachwissen und einem kundenorientierten Ansatz sorgen wir daf\u00fcr, dass die elektrischen Anlagen in Ihrer Wohnung oder Ihrem Einfamilienhaus langfristig sicher und zuverl\u00e4ssig funktionieren.<\/p>\n<p>Unser Leistungsspektrum ist breit gef\u00e4chert. Wir \u00fcbernehmen die komplette Elektroinstallation in Neubauten, installieren Au\u00dfen und Innenbeleuchtung, montieren und tauschen Leuchten sowie Schalter und Steckdosen.<\/p>\n<p>Bei \u00e4lteren Immobilien f\u00fchren wir Netzsanierungen, Erweiterungen und den Austausch von Verteilerdosen und Sicherungsk\u00e4sten durch.<\/p>","protected":false},"excerpt":{"rendered":"<p>F\u00fcr Privatkunden bieten wir Elektroinstallationen, die auf Zuverl\u00e4ssigkeit, moderne Technik und maximale Sicherheit ausgerichtet sind. Ob es um die Installation&#8230;<\/p>\n","protected":false},"author":1,"featured_media":97,"parent":0,"menu_order":0,"comment_status":"closed","ping_status":"closed","template":"","meta":{"_acf_changed":false,"inline_featured_image":false,"footnotes":""},"class_list":["post-38","page","type-page","status-publish","has-post-thumbnail","hentry"],"acf":[],"yoast_head":"<!-- This site is optimized with the Yoast SEO plugin v25.5 - https:\/\/yoast.com\/wordpress\/plugins\/seo\/ -->\n<title>Elektroinstallationen - Neiss-Bau Bt.<\/title>\n<meta name=\"robots\" content=\"index, follow, max-snippet:-1, max-image-preview:large, max-video-preview:-1\" \/>\n<link rel=\"canonical\" href=\"https:\/\/neissbau.hu\/villanyszereles\/\" \/>\n<meta property=\"og:locale\" content=\"de_DE\" \/>\n<meta property=\"og:type\" content=\"article\" \/>\n<meta property=\"og:title\" content=\"[:hu]Villanyszerel\u00e9s[:de]Elektroinstallationen[:] - Neiss-Bau Bt.\" \/>\n<meta property=\"og:description\" content=\"F\u00fcr Privatkunden bieten wir Elektroinstallationen, die auf Zuverl\u00e4ssigkeit, moderne Technik und maximale Sicherheit ausgerichtet sind. Ob es um die Installation...\" \/>\n<meta property=\"og:url\" content=\"https:\/\/neissbau.hu\/villanyszereles\/\" \/>\n<meta property=\"og:site_name\" content=\"Neiss-Bau Bt.\" \/>\n<meta property=\"article:publisher\" content=\"https:\/\/www.facebook.com\/NEISSBAU\" \/>\n<meta property=\"article:modified_time\" content=\"2025-07-29T14:01:09+00:00\" \/>\n<meta property=\"og:image\" content=\"https:\/\/neissbau.hu\/wp-content\/uploads\/2025\/07\/neissbau_1920x200_g.jpg\" \/>\n\t<meta property=\"og:image:width\" content=\"1920\" \/>\n\t<meta property=\"og:image:height\" content=\"200\" \/>\n\t<meta property=\"og:image:type\" content=\"image\/jpeg\" \/>\n<meta name=\"twitter:card\" content=\"summary_large_image\" \/>\n<meta name=\"twitter:label1\" content=\"Gesch\u00e4tzte Lesezeit\" \/>\n\t<meta name=\"twitter:data1\" content=\"1\u00a0Minute\" \/>\n<script type=\"application\/ld+json\" class=\"yoast-schema-graph\">{\"@context\":\"https:\/\/schema.org\",\"@graph\":[{\"@type\":\"WebPage\",\"@id\":\"https:\/\/neissbau.hu\/villanyszereles\/\",\"url\":\"https:\/\/neissbau.hu\/villanyszereles\/\",\"name\":\"[:hu]Villanyszerel\u00e9s[:de]Elektroinstallationen[:] - Neiss-Bau Bt.\",\"isPartOf\":{\"@id\":\"https:\/\/neissbau.hu\/#website\"},\"primaryImageOfPage\":{\"@id\":\"https:\/\/neissbau.hu\/villanyszereles\/#primaryimage\"},\"image\":{\"@id\":\"https:\/\/neissbau.hu\/villanyszereles\/#primaryimage\"},\"thumbnailUrl\":\"https:\/\/neissbau.hu\/wp-content\/uploads\/2025\/07\/neissbau_1920x200_g.jpg\",\"datePublished\":\"2025-07-08T09:08:00+00:00\",\"dateModified\":\"2025-07-29T14:01:09+00:00\",\"breadcrumb\":{\"@id\":\"https:\/\/neissbau.hu\/villanyszereles\/#breadcrumb\"},\"inLanguage\":\"de\",\"potentialAction\":[{\"@type\":\"ReadAction\",\"target\":[\"https:\/\/neissbau.hu\/villanyszereles\/\"]}]},{\"@type\":\"ImageObject\",\"inLanguage\":\"de\",\"@id\":\"https:\/\/neissbau.hu\/villanyszereles\/#primaryimage\",\"url\":\"https:\/\/neissbau.hu\/wp-content\/uploads\/2025\/07\/neissbau_1920x200_g.jpg\",\"contentUrl\":\"https:\/\/neissbau.hu\/wp-content\/uploads\/2025\/07\/neissbau_1920x200_g.jpg\",\"width\":1920,\"height\":200},{\"@type\":\"BreadcrumbList\",\"@id\":\"https:\/\/neissbau.hu\/villanyszereles\/#breadcrumb\",\"itemListElement\":[{\"@type\":\"ListItem\",\"position\":1,\"name\":\"Kezd\u0151lap\",\"item\":\"https:\/\/neissbau.hu\/\"},{\"@type\":\"ListItem\",\"position\":2,\"name\":\"Villanyszerel\u00e9s\"}]},{\"@type\":\"WebSite\",\"@id\":\"https:\/\/neissbau.hu\/#website\",\"url\":\"https:\/\/neissbau.hu\/\",\"name\":\"NeissBau Bt.\",\"description\":\"\",\"publisher\":{\"@id\":\"https:\/\/neissbau.hu\/#organization\"},\"potentialAction\":[{\"@type\":\"SearchAction\",\"target\":{\"@type\":\"EntryPoint\",\"urlTemplate\":\"https:\/\/neissbau.hu\/?s={search_term_string}\"},\"query-input\":{\"@type\":\"PropertyValueSpecification\",\"valueRequired\":true,\"valueName\":\"search_term_string\"}}],\"inLanguage\":\"de\"},{\"@type\":\"Organization\",\"@id\":\"https:\/\/neissbau.hu\/#organization\",\"name\":\"NeissBau Bt.\",\"url\":\"https:\/\/neissbau.hu\/\",\"logo\":{\"@type\":\"ImageObject\",\"inLanguage\":\"de\",\"@id\":\"https:\/\/neissbau.hu\/#\/schema\/logo\/image\/\",\"url\":\"https:\/\/neissbau.hu\/wp-content\/uploads\/2025\/09\/neissbau_new-logo.svg\",\"contentUrl\":\"https:\/\/neissbau.hu\/wp-content\/uploads\/2025\/09\/neissbau_new-logo.svg\",\"width\":128,\"height\":100,\"caption\":\"NeissBau Bt.\"},\"image\":{\"@id\":\"https:\/\/neissbau.hu\/#\/schema\/logo\/image\/\"},\"sameAs\":[\"https:\/\/www.facebook.com\/NEISSBAU\"]}]}<\/script>\n<!-- \/ Yoast SEO plugin. -->","yoast_head_json":{"title":"[:hu]Villanyszerel\u00e9s[:de]Elektroinstallationen[:] - Neiss-Bau Bt.","robots":{"index":"index","follow":"follow","max-snippet":"max-snippet:-1","max-image-preview":"max-image-preview:large","max-video-preview":"max-video-preview:-1"},"canonical":"https:\/\/neissbau.hu\/villanyszereles\/","og_locale":"de_DE","og_type":"article","og_title":"[:hu]Villanyszerel\u00e9s[:de]Elektroinstallationen[:] - Neiss-Bau Bt.","og_description":"F\u00fcr Privatkunden bieten wir Elektroinstallationen, die auf Zuverl\u00e4ssigkeit, moderne Technik und maximale Sicherheit ausgerichtet sind. Ob es um die Installation...","og_url":"https:\/\/neissbau.hu\/villanyszereles\/","og_site_name":"Neiss-Bau Bt.","article_publisher":"https:\/\/www.facebook.com\/NEISSBAU","article_modified_time":"2025-07-29T14:01:09+00:00","og_image":[{"width":1920,"height":200,"url":"https:\/\/neissbau.hu\/wp-content\/uploads\/2025\/07\/neissbau_1920x200_g.jpg","type":"image\/jpeg"}],"twitter_card":"summary_large_image","twitter_misc":{"Gesch\u00e4tzte Lesezeit":"1\u00a0Minute"},"schema":{"@context":"https:\/\/schema.org","@graph":[{"@type":"WebPage","@id":"https:\/\/neissbau.hu\/villanyszereles\/","url":"https:\/\/neissbau.hu\/villanyszereles\/","name":"[:hu]Villanyszerel\u00e9s[:de]Elektroinstallationen[:] - Neiss-Bau Bt.","isPartOf":{"@id":"https:\/\/neissbau.hu\/#website"},"primaryImageOfPage":{"@id":"https:\/\/neissbau.hu\/villanyszereles\/#primaryimage"},"image":{"@id":"https:\/\/neissbau.hu\/villanyszereles\/#primaryimage"},"thumbnailUrl":"https:\/\/neissbau.hu\/wp-content\/uploads\/2025\/07\/neissbau_1920x200_g.jpg","datePublished":"2025-07-08T09:08:00+00:00","dateModified":"2025-07-29T14:01:09+00:00","breadcrumb":{"@id":"https:\/\/neissbau.hu\/villanyszereles\/#breadcrumb"},"inLanguage":"de","potentialAction":[{"@type":"ReadAction","target":["https:\/\/neissbau.hu\/villanyszereles\/"]}]},{"@type":"ImageObject","inLanguage":"de","@id":"https:\/\/neissbau.hu\/villanyszereles\/#primaryimage","url":"https:\/\/neissbau.hu\/wp-content\/uploads\/2025\/07\/neissbau_1920x200_g.jpg","contentUrl":"https:\/\/neissbau.hu\/wp-content\/uploads\/2025\/07\/neissbau_1920x200_g.jpg","width":1920,"height":200},{"@type":"BreadcrumbList","@id":"https:\/\/neissbau.hu\/villanyszereles\/#breadcrumb","itemListElement":[{"@type":"ListItem","position":1,"name":"Kezd\u0151lap","item":"https:\/\/neissbau.hu\/"},{"@type":"ListItem","position":2,"name":"Villanyszerel\u00e9s"}]},{"@type":"WebSite","@id":"https:\/\/neissbau.hu\/#website","url":"https:\/\/neissbau.hu\/","name":"NeissBau Bt.","description":"","publisher":{"@id":"https:\/\/neissbau.hu\/#organization"},"potentialAction":[{"@type":"SearchAction","target":{"@type":"EntryPoint","urlTemplate":"https:\/\/neissbau.hu\/?s={search_term_string}"},"query-input":{"@type":"PropertyValueSpecification","valueRequired":true,"valueName":"search_term_string"}}],"inLanguage":"de"},{"@type":"Organization","@id":"https:\/\/neissbau.hu\/#organization","name":"NeissBau Bt.","url":"https:\/\/neissbau.hu\/","logo":{"@type":"ImageObject","inLanguage":"de","@id":"https:\/\/neissbau.hu\/#\/schema\/logo\/image\/","url":"https:\/\/neissbau.hu\/wp-content\/uploads\/2025\/09\/neissbau_new-logo.svg","contentUrl":"https:\/\/neissbau.hu\/wp-content\/uploads\/2025\/09\/neissbau_new-logo.svg","width":128,"height":100,"caption":"NeissBau Bt."},"image":{"@id":"https:\/\/neissbau.hu\/#\/schema\/logo\/image\/"},"sameAs":["https:\/\/www.facebook.com\/NEISSBAU"]}]}},"_links":{"self":[{"href":"https:\/\/neissbau.hu\/de\/wp-json\/wp\/v2\/pages\/38","targetHints":{"allow":["GET"]}}],"collection":[{"href":"https:\/\/neissbau.hu\/de\/wp-json\/wp\/v2\/pages"}],"about":[{"href":"https:\/\/neissbau.hu\/de\/wp-json\/wp\/v2\/types\/page"}],"author":[{"embeddable":true,"href":"https:\/\/neissbau.hu\/de\/wp-json\/wp\/v2\/users\/1"}],"replies":[{"embeddable":true,"href":"https:\/\/neissbau.hu\/de\/wp-json\/wp\/v2\/comments?post=38"}],"version-history":[{"count":3,"href":"https:\/\/neissbau.hu\/de\/wp-json\/wp\/v2\/pages\/38\/revisions"}],"predecessor-version":[{"id":304,"href":"https:\/\/neissbau.hu\/de\/wp-json\/wp\/v2\/pages\/38\/revisions\/304"}],"wp:featuredmedia":[{"embeddable":true,"href":"https:\/\/neissbau.hu\/de\/wp-json\/wp\/v2\/media\/97"}],"wp:attachment":[{"href":"https:\/\/neissbau.hu\/de\/wp-json\/wp\/v2\/media?parent=38"}],"curies":[{"name":"wp","href":"https:\/\/api.w.org\/{rel}","templated":true}]}}