{"id":35,"date":"2025-07-08T08:33:20","date_gmt":"2025-07-08T08:33:20","guid":{"rendered":"https:\/\/neissbau.hu\/?page_id=35"},"modified":"2025-07-29T14:01:11","modified_gmt":"2025-07-29T14:01:11","slug":"foldmunka","status":"publish","type":"page","link":"https:\/\/neissbau.hu\/de\/foldmunka\/","title":{"rendered":"Erdarbeiten"},"content":{"rendered":"<p><\/p>\n<h3>Wir bieten privaten Kunden ein umfangreiches und zuverl\u00e4ssiges Leistungsspektrum in den Bereichen Erdarbeiten, Gartenbau und Gartenpflege.<\/h3>\n<p>Ob Bauvorbereitung, Gel\u00e4ndeanpassung oder Gartenneugestaltung, bei Neiss-Bau stehen moderne Maschinen und fundiertes Fachwissen zur Verf\u00fcgung. Unsere erfahrenen Mitarbeiter realisieren individuelle L\u00f6sungen mit gr\u00f6\u00dfter Sorgfalt.<\/p>\n<p>Von maschinellen Erdarbeiten \u00fcber das Entfernen von Baumst\u00fcmpfen, die Ableitung von Regenwasser und das Verteilen von Kies bis hin zum Austausch von Mutterboden oder der Vorbereitung von Rasenfl\u00e4chen \u00fcbernehmen wir alle Arbeiten rund um Ihr Grundst\u00fcck.<\/p>","protected":false},"excerpt":{"rendered":"<p>Wir bieten privaten Kunden ein umfangreiches und zuverl\u00e4ssiges Leistungsspektrum in den Bereichen Erdarbeiten, Gartenbau und Gartenpflege. Ob Bauvorbereitung, Gel\u00e4ndeanpassung oder&#8230;<\/p>\n","protected":false},"author":1,"featured_media":96,"parent":0,"menu_order":0,"comment_status":"closed","ping_status":"closed","template":"","meta":{"_acf_changed":false,"inline_featured_image":false,"footnotes":""},"class_list":["post-35","page","type-page","status-publish","has-post-thumbnail","hentry"],"acf":[],"yoast_head":"<!-- This site is optimized with the Yoast SEO plugin v25.5 - https:\/\/yoast.com\/wordpress\/plugins\/seo\/ -->\n<title>Erdarbeiten - Neiss-Bau Bt.<\/title>\n<meta name=\"robots\" content=\"index, follow, max-snippet:-1, max-image-preview:large, max-video-preview:-1\" \/>\n<link rel=\"canonical\" href=\"https:\/\/neissbau.hu\/foldmunka\/\" \/>\n<meta property=\"og:locale\" content=\"de_DE\" \/>\n<meta property=\"og:type\" content=\"article\" \/>\n<meta property=\"og:title\" content=\"[:hu]F\u00f6ldmunka[:de]Erdarbeiten[:] - Neiss-Bau Bt.\" \/>\n<meta property=\"og:description\" content=\"Wir bieten privaten Kunden ein umfangreiches und zuverl\u00e4ssiges Leistungsspektrum in den Bereichen Erdarbeiten, Gartenbau und Gartenpflege. Ob Bauvorbereitung, Gel\u00e4ndeanpassung oder...\" \/>\n<meta property=\"og:url\" content=\"https:\/\/neissbau.hu\/foldmunka\/\" \/>\n<meta property=\"og:site_name\" content=\"Neiss-Bau Bt.\" \/>\n<meta property=\"article:publisher\" content=\"https:\/\/www.facebook.com\/NEISSBAU\" \/>\n<meta property=\"article:modified_time\" content=\"2025-07-29T14:01:11+00:00\" \/>\n<meta property=\"og:image\" content=\"https:\/\/neissbau.hu\/wp-content\/uploads\/2025\/07\/neissbau_1920x200_f.jpg\" \/>\n\t<meta property=\"og:image:width\" content=\"1920\" \/>\n\t<meta property=\"og:image:height\" content=\"200\" \/>\n\t<meta property=\"og:image:type\" content=\"image\/jpeg\" \/>\n<meta name=\"twitter:card\" content=\"summary_large_image\" \/>\n<meta name=\"twitter:label1\" content=\"Gesch\u00e4tzte Lesezeit\" \/>\n\t<meta name=\"twitter:data1\" content=\"1\u00a0Minute\" \/>\n<script type=\"application\/ld+json\" class=\"yoast-schema-graph\">{\"@context\":\"https:\/\/schema.org\",\"@graph\":[{\"@type\":\"WebPage\",\"@id\":\"https:\/\/neissbau.hu\/foldmunka\/\",\"url\":\"https:\/\/neissbau.hu\/foldmunka\/\",\"name\":\"[:hu]F\u00f6ldmunka[:de]Erdarbeiten[:] - Neiss-Bau Bt.\",\"isPartOf\":{\"@id\":\"https:\/\/neissbau.hu\/#website\"},\"primaryImageOfPage\":{\"@id\":\"https:\/\/neissbau.hu\/foldmunka\/#primaryimage\"},\"image\":{\"@id\":\"https:\/\/neissbau.hu\/foldmunka\/#primaryimage\"},\"thumbnailUrl\":\"https:\/\/neissbau.hu\/wp-content\/uploads\/2025\/07\/neissbau_1920x200_f.jpg\",\"datePublished\":\"2025-07-08T08:33:20+00:00\",\"dateModified\":\"2025-07-29T14:01:11+00:00\",\"breadcrumb\":{\"@id\":\"https:\/\/neissbau.hu\/foldmunka\/#breadcrumb\"},\"inLanguage\":\"de\",\"potentialAction\":[{\"@type\":\"ReadAction\",\"target\":[\"https:\/\/neissbau.hu\/foldmunka\/\"]}]},{\"@type\":\"ImageObject\",\"inLanguage\":\"de\",\"@id\":\"https:\/\/neissbau.hu\/foldmunka\/#primaryimage\",\"url\":\"https:\/\/neissbau.hu\/wp-content\/uploads\/2025\/07\/neissbau_1920x200_f.jpg\",\"contentUrl\":\"https:\/\/neissbau.hu\/wp-content\/uploads\/2025\/07\/neissbau_1920x200_f.jpg\",\"width\":1920,\"height\":200},{\"@type\":\"BreadcrumbList\",\"@id\":\"https:\/\/neissbau.hu\/foldmunka\/#breadcrumb\",\"itemListElement\":[{\"@type\":\"ListItem\",\"position\":1,\"name\":\"Kezd\u0151lap\",\"item\":\"https:\/\/neissbau.hu\/\"},{\"@type\":\"ListItem\",\"position\":2,\"name\":\"F\u00f6ldmunka\"}]},{\"@type\":\"WebSite\",\"@id\":\"https:\/\/neissbau.hu\/#website\",\"url\":\"https:\/\/neissbau.hu\/\",\"name\":\"NeissBau Bt.\",\"description\":\"\",\"publisher\":{\"@id\":\"https:\/\/neissbau.hu\/#organization\"},\"potentialAction\":[{\"@type\":\"SearchAction\",\"target\":{\"@type\":\"EntryPoint\",\"urlTemplate\":\"https:\/\/neissbau.hu\/?s={search_term_string}\"},\"query-input\":{\"@type\":\"PropertyValueSpecification\",\"valueRequired\":true,\"valueName\":\"search_term_string\"}}],\"inLanguage\":\"de\"},{\"@type\":\"Organization\",\"@id\":\"https:\/\/neissbau.hu\/#organization\",\"name\":\"NeissBau Bt.\",\"url\":\"https:\/\/neissbau.hu\/\",\"logo\":{\"@type\":\"ImageObject\",\"inLanguage\":\"de\",\"@id\":\"https:\/\/neissbau.hu\/#\/schema\/logo\/image\/\",\"url\":\"https:\/\/neissbau.hu\/wp-content\/uploads\/2025\/09\/neissbau_new-logo.svg\",\"contentUrl\":\"https:\/\/neissbau.hu\/wp-content\/uploads\/2025\/09\/neissbau_new-logo.svg\",\"width\":128,\"height\":100,\"caption\":\"NeissBau Bt.\"},\"image\":{\"@id\":\"https:\/\/neissbau.hu\/#\/schema\/logo\/image\/\"},\"sameAs\":[\"https:\/\/www.facebook.com\/NEISSBAU\"]}]}<\/script>\n<!-- \/ Yoast SEO plugin. -->","yoast_head_json":{"title":"[:hu]F\u00f6ldmunka[:de]Erdarbeiten[:] - Neiss-Bau Bt.","robots":{"index":"index","follow":"follow","max-snippet":"max-snippet:-1","max-image-preview":"max-image-preview:large","max-video-preview":"max-video-preview:-1"},"canonical":"https:\/\/neissbau.hu\/foldmunka\/","og_locale":"de_DE","og_type":"article","og_title":"[:hu]F\u00f6ldmunka[:de]Erdarbeiten[:] - Neiss-Bau Bt.","og_description":"Wir bieten privaten Kunden ein umfangreiches und zuverl\u00e4ssiges Leistungsspektrum in den Bereichen Erdarbeiten, Gartenbau und Gartenpflege. Ob Bauvorbereitung, Gel\u00e4ndeanpassung oder...","og_url":"https:\/\/neissbau.hu\/foldmunka\/","og_site_name":"Neiss-Bau Bt.","article_publisher":"https:\/\/www.facebook.com\/NEISSBAU","article_modified_time":"2025-07-29T14:01:11+00:00","og_image":[{"width":1920,"height":200,"url":"https:\/\/neissbau.hu\/wp-content\/uploads\/2025\/07\/neissbau_1920x200_f.jpg","type":"image\/jpeg"}],"twitter_card":"summary_large_image","twitter_misc":{"Gesch\u00e4tzte Lesezeit":"1\u00a0Minute"},"schema":{"@context":"https:\/\/schema.org","@graph":[{"@type":"WebPage","@id":"https:\/\/neissbau.hu\/foldmunka\/","url":"https:\/\/neissbau.hu\/foldmunka\/","name":"[:hu]F\u00f6ldmunka[:de]Erdarbeiten[:] - Neiss-Bau Bt.","isPartOf":{"@id":"https:\/\/neissbau.hu\/#website"},"primaryImageOfPage":{"@id":"https:\/\/neissbau.hu\/foldmunka\/#primaryimage"},"image":{"@id":"https:\/\/neissbau.hu\/foldmunka\/#primaryimage"},"thumbnailUrl":"https:\/\/neissbau.hu\/wp-content\/uploads\/2025\/07\/neissbau_1920x200_f.jpg","datePublished":"2025-07-08T08:33:20+00:00","dateModified":"2025-07-29T14:01:11+00:00","breadcrumb":{"@id":"https:\/\/neissbau.hu\/foldmunka\/#breadcrumb"},"inLanguage":"de","potentialAction":[{"@type":"ReadAction","target":["https:\/\/neissbau.hu\/foldmunka\/"]}]},{"@type":"ImageObject","inLanguage":"de","@id":"https:\/\/neissbau.hu\/foldmunka\/#primaryimage","url":"https:\/\/neissbau.hu\/wp-content\/uploads\/2025\/07\/neissbau_1920x200_f.jpg","contentUrl":"https:\/\/neissbau.hu\/wp-content\/uploads\/2025\/07\/neissbau_1920x200_f.jpg","width":1920,"height":200},{"@type":"BreadcrumbList","@id":"https:\/\/neissbau.hu\/foldmunka\/#breadcrumb","itemListElement":[{"@type":"ListItem","position":1,"name":"Kezd\u0151lap","item":"https:\/\/neissbau.hu\/"},{"@type":"ListItem","position":2,"name":"F\u00f6ldmunka"}]},{"@type":"WebSite","@id":"https:\/\/neissbau.hu\/#website","url":"https:\/\/neissbau.hu\/","name":"NeissBau Bt.","description":"","publisher":{"@id":"https:\/\/neissbau.hu\/#organization"},"potentialAction":[{"@type":"SearchAction","target":{"@type":"EntryPoint","urlTemplate":"https:\/\/neissbau.hu\/?s={search_term_string}"},"query-input":{"@type":"PropertyValueSpecification","valueRequired":true,"valueName":"search_term_string"}}],"inLanguage":"de"},{"@type":"Organization","@id":"https:\/\/neissbau.hu\/#organization","name":"NeissBau Bt.","url":"https:\/\/neissbau.hu\/","logo":{"@type":"ImageObject","inLanguage":"de","@id":"https:\/\/neissbau.hu\/#\/schema\/logo\/image\/","url":"https:\/\/neissbau.hu\/wp-content\/uploads\/2025\/09\/neissbau_new-logo.svg","contentUrl":"https:\/\/neissbau.hu\/wp-content\/uploads\/2025\/09\/neissbau_new-logo.svg","width":128,"height":100,"caption":"NeissBau Bt."},"image":{"@id":"https:\/\/neissbau.hu\/#\/schema\/logo\/image\/"},"sameAs":["https:\/\/www.facebook.com\/NEISSBAU"]}]}},"_links":{"self":[{"href":"https:\/\/neissbau.hu\/de\/wp-json\/wp\/v2\/pages\/35","targetHints":{"allow":["GET"]}}],"collection":[{"href":"https:\/\/neissbau.hu\/de\/wp-json\/wp\/v2\/pages"}],"about":[{"href":"https:\/\/neissbau.hu\/de\/wp-json\/wp\/v2\/types\/page"}],"author":[{"embeddable":true,"href":"https:\/\/neissbau.hu\/de\/wp-json\/wp\/v2\/users\/1"}],"replies":[{"embeddable":true,"href":"https:\/\/neissbau.hu\/de\/wp-json\/wp\/v2\/comments?post=35"}],"version-history":[{"count":3,"href":"https:\/\/neissbau.hu\/de\/wp-json\/wp\/v2\/pages\/35\/revisions"}],"predecessor-version":[{"id":303,"href":"https:\/\/neissbau.hu\/de\/wp-json\/wp\/v2\/pages\/35\/revisions\/303"}],"wp:featuredmedia":[{"embeddable":true,"href":"https:\/\/neissbau.hu\/de\/wp-json\/wp\/v2\/media\/96"}],"wp:attachment":[{"href":"https:\/\/neissbau.hu\/de\/wp-json\/wp\/v2\/media?parent=35"}],"curies":[{"name":"wp","href":"https:\/\/api.w.org\/{rel}","templated":true}]}}